{"id":9362,"date":"2023-08-29T16:19:36","date_gmt":"2023-08-29T14:19:36","guid":{"rendered":"https:\/\/www.aleph-networks.eu\/news\/"},"modified":"2024-02-02T15:12:33","modified_gmt":"2024-02-02T14:12:33","slug":"news","status":"publish","type":"page","link":"https:\/\/www.aleph-networks.eu\/en\/news\/","title":{"rendered":"News"},"content":{"rendered":"<p>[et_pb_section fb_built=&#8221;1&#8243; custom_padding_last_edited=&#8221;on|phone&#8221; disabled_on=&#8221;off|off|on&#8221; admin_label=&#8221;header mobile&#8221; _builder_version=&#8221;4.20.2&#8243; background_image=&#8221;https:\/\/www.aleph-networks.eu\/wp-content\/uploads\/2020\/06\/Fond-accueil.png&#8221; custom_margin_tablet=&#8221;&#8221; custom_margin_phone=&#8221;70px||||false|false&#8221; custom_margin_last_edited=&#8221;on|phone&#8221; custom_padding=&#8221;150px||157px||false|false&#8221; custom_padding_tablet=&#8221;110px||20px||false|false&#8221; custom_padding_phone=&#8221;0px||0px||false|false&#8221; da_disable_devices=&#8221;off|off|off&#8221; global_colors_info=&#8221;{}&#8221; da_is_popup=&#8221;off&#8221; da_exit_intent=&#8221;off&#8221; da_has_close=&#8221;on&#8221; da_alt_close=&#8221;off&#8221; da_dark_close=&#8221;off&#8221; da_not_modal=&#8221;on&#8221; da_is_singular=&#8221;off&#8221; da_with_loader=&#8221;off&#8221; da_has_shadow=&#8221;on&#8221;][et_pb_row _builder_version=&#8221;4.16&#8243; custom_padding=&#8221;|||0px||&#8221; global_colors_info=&#8221;{}&#8221;][et_pb_column type=&#8221;4_4&#8243; _builder_version=&#8221;4.16&#8243; global_colors_info=&#8221;{}&#8221;][et_pb_text _builder_version=&#8221;4.22.1&#8243; header_text_color=&#8221;#ffffff&#8221; header_font_size=&#8221;63px&#8221; width=&#8221;100%&#8221; custom_margin=&#8221;|||43px|false|false&#8221; custom_margin_tablet=&#8221;|||0px|false|false&#8221; custom_margin_phone=&#8221;|||0px|false|false&#8221; custom_margin_last_edited=&#8221;on|phone&#8221; header_font_tablet=&#8221;&#8221; header_font_phone=&#8221;&#8221; header_font_last_edited=&#8221;on|phone&#8221; header_font_size_tablet=&#8221;&#8221; header_font_size_phone=&#8221;25px&#8221; header_font_size_last_edited=&#8221;on|desktop&#8221; global_colors_info=&#8221;{}&#8221;]<\/p>\n<h1>News<\/h1>\n<p>[\/et_pb_text][et_pb_divider color=&#8221;#F7A600&#8243; divider_weight=&#8221;8px&#8221; _builder_version=&#8221;4.16&#8243; width=&#8221;10%&#8221; custom_margin=&#8221;|||43px|false|false&#8221; custom_margin_tablet=&#8221;|||0px|false|false&#8221; custom_margin_phone=&#8221;|||0px|false|false&#8221; custom_margin_last_edited=&#8221;on|tablet&#8221; global_colors_info=&#8221;{}&#8221;][\/et_pb_divider][\/et_pb_column][\/et_pb_row][\/et_pb_section][et_pb_section fb_built=&#8221;1&#8243; custom_padding_last_edited=&#8221;on|phone&#8221; disabled_on=&#8221;on|on|off&#8221; admin_label=&#8221;Header&#8221; _builder_version=&#8221;4.20.2&#8243; background_image=&#8221;https:\/\/www.aleph-networks.eu\/wp-content\/uploads\/2020\/06\/Fond-accueil.png&#8221; custom_padding=&#8221;150px||157px||false|false&#8221; custom_padding_tablet=&#8221;110px||20px||false|false&#8221; custom_padding_phone=&#8221;110px||10px||false|false&#8221; da_disable_devices=&#8221;off|off|off&#8221; global_colors_info=&#8221;{}&#8221; da_is_popup=&#8221;off&#8221; da_exit_intent=&#8221;off&#8221; da_has_close=&#8221;on&#8221; da_alt_close=&#8221;off&#8221; da_dark_close=&#8221;off&#8221; da_not_modal=&#8221;on&#8221; da_is_singular=&#8221;off&#8221; da_with_loader=&#8221;off&#8221; da_has_shadow=&#8221;on&#8221;][et_pb_row _builder_version=&#8221;4.16&#8243; custom_padding=&#8221;|||0px||&#8221; global_colors_info=&#8221;{}&#8221;][et_pb_column type=&#8221;4_4&#8243; _builder_version=&#8221;4.16&#8243; global_colors_info=&#8221;{}&#8221;][et_pb_text _builder_version=&#8221;4.22.1&#8243; header_text_color=&#8221;#ffffff&#8221; header_font_size=&#8221;63px&#8221; width=&#8221;100%&#8221; custom_margin=&#8221;|||43px|false|false&#8221; custom_margin_tablet=&#8221;|||0px|false|false&#8221; custom_margin_phone=&#8221;|||0px|false|false&#8221; custom_margin_last_edited=&#8221;on|phone&#8221; header_font_tablet=&#8221;&#8221; header_font_phone=&#8221;&#8221; header_font_last_edited=&#8221;on|phone&#8221; header_font_size_tablet=&#8221;&#8221; header_font_size_phone=&#8221;38px&#8221; header_font_size_last_edited=&#8221;on|desktop&#8221; global_colors_info=&#8221;{}&#8221;]<\/p>\n<h1>News<\/h1>\n<p>[\/et_pb_text][et_pb_divider color=&#8221;#F7A600&#8243; divider_weight=&#8221;8px&#8221; _builder_version=&#8221;4.20.2&#8243; width=&#8221;10%&#8221; custom_margin=&#8221;|||43px|false|false&#8221; custom_margin_tablet=&#8221;|||0px|false|false&#8221; custom_margin_phone=&#8221;|||0px|false|false&#8221; custom_margin_last_edited=&#8221;on|tablet&#8221; global_colors_info=&#8221;{}&#8221;][\/et_pb_divider][et_pb_image src=&#8221;https:\/\/www.aleph-networks.eu\/wp-content\/uploads\/2020\/06\/chevron.png&#8221; title_text=&#8221;chevron&#8221; url=&#8221;#presentation&#8221; _builder_version=&#8221;4.20.2&#8243; _module_preset=&#8221;c5308f1c-9e54-4f41-b39f-c5ab46ca710c&#8221; global_colors_info=&#8221;{}&#8221;][\/et_pb_image][\/et_pb_column][\/et_pb_row][\/et_pb_section][et_pb_section fb_built=&#8221;1&#8243; module_id=&#8221;presentation&#8221; _builder_version=&#8221;4.20.2&#8243; _module_preset=&#8221;default&#8221; background_enable_color=&#8221;off&#8221; background_image=&#8221;https:\/\/www.aleph-networks.eu\/wp-content\/uploads\/2020\/06\/fond-home-2.png&#8221; parallax=&#8221;on&#8221; custom_padding=&#8221;40px||15px|||&#8221; background_last_edited=&#8221;on|phone&#8221; parallax_phone=&#8221;off&#8221; da_disable_devices=&#8221;off|off|off&#8221; global_colors_info=&#8221;{}&#8221; da_is_popup=&#8221;off&#8221; da_exit_intent=&#8221;off&#8221; da_has_close=&#8221;on&#8221; da_alt_close=&#8221;off&#8221; da_dark_close=&#8221;off&#8221; da_not_modal=&#8221;on&#8221; da_is_singular=&#8221;off&#8221; da_with_loader=&#8221;off&#8221; da_has_shadow=&#8221;on&#8221;][et_pb_row _builder_version=&#8221;4.20.2&#8243; _module_preset=&#8221;default&#8221; custom_padding=&#8221;||11px|||&#8221; global_colors_info=&#8221;{}&#8221;][et_pb_column type=&#8221;4_4&#8243; _builder_version=&#8221;4.20.2&#8243; _module_preset=&#8221;default&#8221; global_colors_info=&#8221;{}&#8221;][et_pb_divider divider_weight=&#8221;7px&#8221; _builder_version=&#8221;4.20.2&#8243; _module_preset=&#8221;default&#8221; width=&#8221;5%&#8221; width_tablet=&#8221;22%&#8221; width_phone=&#8221;17%&#8221; width_last_edited=&#8221;on|phone&#8221; module_alignment=&#8221;center&#8221; global_colors_info=&#8221;{}&#8221;][\/et_pb_divider][et_pb_text _builder_version=&#8221;4.22.1&#8243; _module_preset=&#8221;default&#8221; text_orientation=&#8221;center&#8221; global_colors_info=&#8221;{}&#8221;]<\/p>\n<h2>Latest news<\/h2>\n<p>[\/et_pb_text][et_pb_cta button_url=&#8221;https:\/\/www.cairn.info\/revue-etudes-francaises-de-renseignement-et-de-cyber-2023-1.html&#8221; url_new_window=&#8221;on&#8221; button_text=&#8221;Lire&#8221; _builder_version=&#8221;4.23.2&#8243; _module_preset=&#8221;default&#8221; header_text_color=&#8221;#000000&#8243; body_text_color=&#8221;#000000&#8243; body_font_size=&#8221;21px&#8221; background_color=&#8221;gcid-71812e25-3b40-4a55-b57e-be9b70324fe0&#8243; custom_button=&#8221;on&#8221; button_text_color=&#8221;#FFFFFF&#8221; button_bg_color=&#8221;#000000&#8243; button_border_width=&#8221;0px&#8221; button_use_icon=&#8221;off&#8221; width=&#8221;53%&#8221; width_tablet=&#8221;100%&#8221; width_phone=&#8221;100%&#8221; width_last_edited=&#8221;on|phone&#8221; module_alignment=&#8221;center&#8221; header_font_size_tablet=&#8221;&#8221; header_font_size_phone=&#8221;28px&#8221; header_font_size_last_edited=&#8221;on|phone&#8221; global_colors_info=&#8221;{%22gcid-71812e25-3b40-4a55-b57e-be9b70324fe0%22:%91%22background_color%22%93}&#8221; button_bg_color__hover_enabled=&#8221;on|hover&#8221; button_bg_color__hover=&#8221;#000000&#8243; button_bg_enable_color__hover=&#8221;on&#8221;]<\/p>\n<p>D\u00e9couvrez l&#8217;article de Nicolas Hernandez sur les attaques par ransomwares comme actes de cyber gu\u00e9rilla, une approche \u00e9cosyst\u00e9mique de la menace cyber dans le contexte de la guerre en Ukraine.<\/p>\n<p>[\/et_pb_cta][\/et_pb_column][\/et_pb_row][\/et_pb_section][et_pb_section fb_built=&#8221;1&#8243; _builder_version=&#8221;4.20.2&#8243; _module_preset=&#8221;default&#8221; background_enable_color=&#8221;off&#8221; background_image=&#8221;https:\/\/www.aleph-networks.eu\/wp-content\/uploads\/2020\/06\/fond-home-2.png&#8221; parallax=&#8221;on&#8221; custom_padding=&#8221;11px||82px|||&#8221; background_last_edited=&#8221;on|phone&#8221; parallax_phone=&#8221;off&#8221; da_disable_devices=&#8221;off|off|off&#8221; global_colors_info=&#8221;{}&#8221; da_is_popup=&#8221;off&#8221; da_exit_intent=&#8221;off&#8221; da_has_close=&#8221;on&#8221; da_alt_close=&#8221;off&#8221; da_dark_close=&#8221;off&#8221; da_not_modal=&#8221;on&#8221; da_is_singular=&#8221;off&#8221; da_with_loader=&#8221;off&#8221; da_has_shadow=&#8221;on&#8221;][et_pb_row custom_padding_last_edited=&#8221;on|phone&#8221; _builder_version=&#8221;4.20.2&#8243; _module_preset=&#8221;default&#8221; module_alignment=&#8221;center&#8221; custom_padding_tablet=&#8221;&#8221; custom_padding_phone=&#8221;0px||||false|false&#8221; global_colors_info=&#8221;{}&#8221;][et_pb_column type=&#8221;4_4&#8243; _builder_version=&#8221;4.20.2&#8243; _module_preset=&#8221;default&#8221; global_colors_info=&#8221;{}&#8221;][et_pb_divider divider_weight=&#8221;7px&#8221; _builder_version=&#8221;4.20.2&#8243; _module_preset=&#8221;default&#8221; width=&#8221;5%&#8221; width_tablet=&#8221;22%&#8221; width_phone=&#8221;17%&#8221; width_last_edited=&#8221;on|phone&#8221; module_alignment=&#8221;center&#8221; global_colors_info=&#8221;{}&#8221;][\/et_pb_divider][et_pb_text _builder_version=&#8221;4.22.1&#8243; _module_preset=&#8221;default&#8221; text_orientation=&#8221;center&#8221; global_colors_info=&#8221;{}&#8221;]<\/p>\n<h2>Past events<\/h2>\n<p>[\/et_pb_text][et_pb_button button_url=&#8221;https:\/\/www.aleph-networks.eu\/actualites\/#past-events&#8221; button_text=&#8221;All Past events (Fr)&#8221; button_alignment=&#8221;center&#8221; _builder_version=&#8221;4.24.0&#8243; _module_preset=&#8221;default&#8221; global_colors_info=&#8221;{}&#8221;][\/et_pb_button][et_pb_blog fullwidth=&#8221;off&#8221; posts_number=&#8221;6&#8243; include_categories=&#8221;59&#8243; meta_date=&#8221;j M Y&#8221; show_content=&#8221;on&#8221; show_author=&#8221;off&#8221; show_categories=&#8221;off&#8221; masonry_tile_background_color=&#8221;gcid-71812e25-3b40-4a55-b57e-be9b70324fe0&#8243; disabled_on=&#8221;on|on|on&#8221; _builder_version=&#8221;4.22.1&#8243; _module_preset=&#8221;default&#8221; header_font_size=&#8221;25px&#8221; body_text_color=&#8221;#000000&#8243; body_line_height=&#8221;1.2em&#8221; meta_text_color=&#8221;#FFFFFF&#8221; meta_font_size=&#8221;13px&#8221; body_link_text_color=&#8221;#FFFFFF&#8221; background_color=&#8221;RGBA(255,255,255,0)&#8221; custom_css_title=&#8221;pointer-events: none;&#8221; border_width_all=&#8221;4px&#8221; border_color_all=&#8221;gcid-71812e25-3b40-4a55-b57e-be9b70324fe0&#8243; disabled=&#8221;on&#8221; global_colors_info=&#8221;{%22gcid-71812e25-3b40-4a55-b57e-be9b70324fe0%22:%91%22border_color_all%22,%22masonry_tile_background_color%22%93}&#8221; custom_css_main_element_last_edited=&#8221;on|phone&#8221; custom_css_main_element_tablet=&#8221;column-count: 4;||column-gap: 60px;&#8221; custom_css_main_element_phone=&#8221;column-count: 4;||column-gap: 60px;&#8221;][\/et_pb_blog][\/et_pb_column][\/et_pb_row][et_pb_row column_structure=&#8221;1_2,1_2&#8243; custom_padding_last_edited=&#8221;on|phone&#8221; disabled_on=&#8221;on|on|on&#8221; _builder_version=&#8221;4.20.2&#8243; _module_preset=&#8221;default&#8221; module_alignment=&#8221;center&#8221; custom_padding_tablet=&#8221;&#8221; custom_padding_phone=&#8221;0px||||false|false&#8221; disabled=&#8221;on&#8221; global_colors_info=&#8221;{}&#8221;][et_pb_column type=&#8221;1_2&#8243; _builder_version=&#8221;4.20.2&#8243; _module_preset=&#8221;default&#8221; global_colors_info=&#8221;{}&#8221;][et_pb_blurb title=&#8221;Illegal trafficking&#8221; image=&#8221;https:\/\/www.aleph-networks.eu\/wp-content\/uploads\/2023\/03\/picto-presse.png&#8221; icon_placement=&#8221;left&#8221; image_icon_width=&#8221;80px&#8221; content_max_width=&#8221;571px&#8221; image_icon_width_tablet=&#8221;80px&#8221; image_icon_width_phone=&#8221;50px&#8221; image_icon_width_last_edited=&#8221;on|phone&#8221; _builder_version=&#8221;4.20.2&#8243; _module_preset=&#8221;default&#8221; header_font_size=&#8221;30px&#8221; body_font_size=&#8221;20px&#8221; image_icon_custom_margin=&#8221;-20px||||false|false&#8221; header_font_size_tablet=&#8221;30px&#8221; header_font_size_phone=&#8221;25px&#8221; header_font_size_last_edited=&#8221;on|phone&#8221; body_font_size_tablet=&#8221;20px&#8221; body_font_size_phone=&#8221;17px&#8221; body_font_size_last_edited=&#8221;on|phone&#8221; global_colors_info=&#8221;{}&#8221;]<\/p>\n<ul>\n<li>Identification des places de march\u00e9<\/li>\n<li>Transactions Bitcoin<\/li>\n<li>Identification des produits : drogue, armes, contrefa\u00e7on, faux documents d&#8217;identification, informations confidentielles, activit\u00e9s ill\u00e9gales<\/li>\n<\/ul>\n<p>[\/et_pb_blurb][\/et_pb_column][et_pb_column type=&#8221;1_2&#8243; _builder_version=&#8221;4.20.2&#8243; _module_preset=&#8221;default&#8221; global_colors_info=&#8221;{}&#8221;][et_pb_blurb title=&#8221;Illegal trafficking&#8221; image=&#8221;https:\/\/www.aleph-networks.eu\/wp-content\/uploads\/2023\/03\/picto-presse.png&#8221; icon_placement=&#8221;left&#8221; image_icon_width=&#8221;80px&#8221; content_max_width=&#8221;571px&#8221; image_icon_width_tablet=&#8221;80px&#8221; image_icon_width_phone=&#8221;50px&#8221; image_icon_width_last_edited=&#8221;on|phone&#8221; _builder_version=&#8221;4.20.2&#8243; _module_preset=&#8221;default&#8221; header_font_size=&#8221;30px&#8221; body_font_size=&#8221;20px&#8221; image_icon_custom_margin=&#8221;-20px||||false|false&#8221; header_font_size_tablet=&#8221;30px&#8221; header_font_size_phone=&#8221;25px&#8221; header_font_size_last_edited=&#8221;on|phone&#8221; body_font_size_tablet=&#8221;20px&#8221; body_font_size_phone=&#8221;17px&#8221; body_font_size_last_edited=&#8221;on|phone&#8221; global_colors_info=&#8221;{}&#8221;]<\/p>\n<ul>\n<li>Identification des places de march\u00e9<\/li>\n<li>Transactions Bitcoin<\/li>\n<li>Identification des produits : drogue, armes, contrefa\u00e7on, faux documents d&#8217;identification, informations confidentielles, activit\u00e9s ill\u00e9gales<\/li>\n<\/ul>\n<p>[\/et_pb_blurb][\/et_pb_column][\/et_pb_row][\/et_pb_section][et_pb_section fb_built=&#8221;1&#8243; disabled_on=&#8221;on|on|on&#8221; _builder_version=&#8221;4.20.2&#8243; _module_preset=&#8221;default&#8221; background_color=&#8221;RGBA(255,255,255,0)&#8221; positioning=&#8221;fixed&#8221; position_origin_a=&#8221;center_left&#8221; position_origin_f=&#8221;bottom_left&#8221; position_origin_r=&#8221;bottom_left&#8221; vertical_offset=&#8221;127px&#8221; horizontal_offset=&#8221;-83px&#8221; height=&#8221;5px&#8221; custom_padding=&#8221;0px||0px||false|false&#8221; scroll_vertical_motion=&#8221;0|50|50|100|0|0|4&#8243; scroll_fade_enable=&#8221;on&#8221; scroll_fade=&#8221;0|17|17|100|0|100|100&#8243; da_disable_devices=&#8221;off|off|off&#8221; global_colors_info=&#8221;{}&#8221; da_is_popup=&#8221;off&#8221; da_exit_intent=&#8221;off&#8221; da_has_close=&#8221;on&#8221; da_alt_close=&#8221;off&#8221; da_dark_close=&#8221;off&#8221; da_not_modal=&#8221;on&#8221; da_is_singular=&#8221;off&#8221; da_with_loader=&#8221;off&#8221; da_has_shadow=&#8221;on&#8221;][et_pb_row _builder_version=&#8221;4.20.2&#8243; _module_preset=&#8221;default&#8221; background_color=&#8221;RGBA(255,255,255,0)&#8221; position_origin_f=&#8221;center_left&#8221; width=&#8221;100%&#8221; max_width=&#8221;100%&#8221; custom_padding=&#8221;0px||0px||false|false&#8221; sticky_limit_bottom=&#8221;section&#8221; global_colors_info=&#8221;{}&#8221;][et_pb_column type=&#8221;4_4&#8243; _builder_version=&#8221;4.20.2&#8243; _module_preset=&#8221;default&#8221; global_colors_info=&#8221;{}&#8221;][et_pb_button button_url=&#8221;https:\/\/www.aleph-networks.eu\/en\/contact\/&#8221; button_text=&#8221;Demander une d\u00e9mo&#8221; button_alignment=&#8221;left&#8221; _builder_version=&#8221;4.20.2&#8243; _module_preset=&#8221;default&#8221; custom_button=&#8221;on&#8221; button_text_size=&#8221;23px&#8221; button_text_color=&#8221;#FFFFFF&#8221; button_bg_color=&#8221;gcid-71812e25-3b40-4a55-b57e-be9b70324fe0&#8243; button_border_width=&#8221;0px&#8221; button_border_radius=&#8221;0px&#8221; button_use_icon=&#8221;off&#8221; transform_translate=&#8221;-80px|0px&#8221; transform_translate_linked=&#8221;off&#8221; transform_rotate=&#8221;0deg|0deg|-90deg&#8221; positioning=&#8221;fixed&#8221; position_origin_a=&#8221;bottom_left&#8221; position_origin_f=&#8221;bottom_left&#8221; vertical_offset=&#8221;15vh&#8221; custom_padding=&#8221;||10px||false|false&#8221; custom_padding_tablet=&#8221;||10px||false|false&#8221; custom_padding_phone=&#8221;||0px||false|false&#8221; custom_padding_last_edited=&#8221;on|phone&#8221; scroll_fade=&#8221;0|92|92|100|0|0%|100&#8243; motion_trigger_start=&#8221;bottom&#8221; button_text_size_tablet=&#8221;23px&#8221; button_text_size_phone=&#8221;19px&#8221; button_text_size_last_edited=&#8221;on|phone&#8221; global_colors_info=&#8221;{%22gcid-71812e25-3b40-4a55-b57e-be9b70324fe0%22:%91%22button_bg_color%22%93}&#8221;][\/et_pb_button][\/et_pb_column][\/et_pb_row][\/et_pb_section]<\/p>\n","protected":false},"excerpt":{"rendered":"<p>NewsNewsLatest newsD\u00e9couvrez l&#8217;article de Nicolas Hernandez sur les attaques par ransomwares comme actes de cyber gu\u00e9rilla, une approche \u00e9cosyst\u00e9mique de la menace cyber dans le contexte de la guerre en Ukraine.Past events Identification des places de march\u00e9 Transactions Bitcoin Identification des produits : drogue, armes, contrefa\u00e7on, faux documents d&#8217;identification, informations confidentielles, activit\u00e9s ill\u00e9gales Identification des [&hellip;]<\/p>\n","protected":false},"author":1,"featured_media":0,"parent":0,"menu_order":0,"comment_status":"closed","ping_status":"closed","template":"","meta":{"_et_pb_use_builder":"on","_et_pb_old_content":"","_et_gb_content_width":"","footnotes":""},"class_list":["post-9362","page","type-page","status-publish","hentry"],"yoast_head":"<!-- This site is optimized with the Yoast SEO plugin v26.6 - https:\/\/yoast.com\/wordpress\/plugins\/seo\/ -->\n<title>Aleph - News<\/title>\n<meta name=\"description\" content=\"Alephs&#039;s latest news and events\" \/>\n<meta name=\"robots\" content=\"index, follow, max-snippet:-1, max-image-preview:large, max-video-preview:-1\" \/>\n<link rel=\"canonical\" href=\"https:\/\/www.aleph-networks.eu\/actualites\/\" \/>\n<meta property=\"og:locale\" content=\"en_US\" \/>\n<meta property=\"og:type\" content=\"article\" \/>\n<meta property=\"og:title\" content=\"Aleph - News\" \/>\n<meta property=\"og:description\" content=\"Alephs&#039;s latest news and events\" \/>\n<meta property=\"og:url\" content=\"https:\/\/www.aleph-networks.eu\/actualites\/\" \/>\n<meta property=\"og:site_name\" content=\"Aleph\" \/>\n<meta property=\"article:modified_time\" content=\"2024-02-02T14:12:33+00:00\" \/>\n<meta name=\"twitter:card\" content=\"summary_large_image\" \/>\n<meta name=\"twitter:label1\" content=\"Est. reading time\" \/>\n\t<meta name=\"twitter:data1\" content=\"1 minute\" \/>\n<script type=\"application\/ld+json\" class=\"yoast-schema-graph\">{\"@context\":\"https:\/\/schema.org\",\"@graph\":[{\"@type\":\"WebPage\",\"@id\":\"https:\/\/www.aleph-networks.eu\/actualites\/\",\"url\":\"https:\/\/www.aleph-networks.eu\/actualites\/\",\"name\":\"Aleph - News\",\"isPartOf\":{\"@id\":\"https:\/\/www.aleph-networks.eu\/#website\"},\"datePublished\":\"2023-08-29T14:19:36+00:00\",\"dateModified\":\"2024-02-02T14:12:33+00:00\",\"description\":\"Alephs's latest news and events\",\"breadcrumb\":{\"@id\":\"https:\/\/www.aleph-networks.eu\/actualites\/#breadcrumb\"},\"inLanguage\":\"en-US\",\"potentialAction\":[{\"@type\":\"ReadAction\",\"target\":[\"https:\/\/www.aleph-networks.eu\/actualites\/\"]}]},{\"@type\":\"BreadcrumbList\",\"@id\":\"https:\/\/www.aleph-networks.eu\/actualites\/#breadcrumb\",\"itemListElement\":[{\"@type\":\"ListItem\",\"position\":1,\"name\":\"Home\",\"item\":\"https:\/\/www.aleph-networks.eu\/en\/\"},{\"@type\":\"ListItem\",\"position\":2,\"name\":\"News\"}]},{\"@type\":\"WebSite\",\"@id\":\"https:\/\/www.aleph-networks.eu\/#website\",\"url\":\"https:\/\/www.aleph-networks.eu\/\",\"name\":\"Aleph\",\"description\":\"\",\"publisher\":{\"@id\":\"https:\/\/www.aleph-networks.eu\/#organization\"},\"potentialAction\":[{\"@type\":\"SearchAction\",\"target\":{\"@type\":\"EntryPoint\",\"urlTemplate\":\"https:\/\/www.aleph-networks.eu\/?s={search_term_string}\"},\"query-input\":{\"@type\":\"PropertyValueSpecification\",\"valueRequired\":true,\"valueName\":\"search_term_string\"}}],\"inLanguage\":\"en-US\"},{\"@type\":\"Organization\",\"@id\":\"https:\/\/www.aleph-networks.eu\/#organization\",\"name\":\"Aleph\",\"url\":\"https:\/\/www.aleph-networks.eu\/\",\"logo\":{\"@type\":\"ImageObject\",\"inLanguage\":\"en-US\",\"@id\":\"https:\/\/www.aleph-networks.eu\/#\/schema\/logo\/image\/\",\"url\":\"https:\/\/www.aleph-networks.eu\/wp-content\/uploads\/2020\/06\/logo-Aleph.png\",\"contentUrl\":\"https:\/\/www.aleph-networks.eu\/wp-content\/uploads\/2020\/06\/logo-Aleph.png\",\"width\":55,\"height\":55,\"caption\":\"Aleph\"},\"image\":{\"@id\":\"https:\/\/www.aleph-networks.eu\/#\/schema\/logo\/image\/\"}}]}<\/script>\n<!-- \/ Yoast SEO plugin. -->","yoast_head_json":{"title":"Aleph - News","description":"Alephs's latest news and events","robots":{"index":"index","follow":"follow","max-snippet":"max-snippet:-1","max-image-preview":"max-image-preview:large","max-video-preview":"max-video-preview:-1"},"canonical":"https:\/\/www.aleph-networks.eu\/actualites\/","og_locale":"en_US","og_type":"article","og_title":"Aleph - News","og_description":"Alephs's latest news and events","og_url":"https:\/\/www.aleph-networks.eu\/actualites\/","og_site_name":"Aleph","article_modified_time":"2024-02-02T14:12:33+00:00","twitter_card":"summary_large_image","twitter_misc":{"Est. reading time":"1 minute"},"schema":{"@context":"https:\/\/schema.org","@graph":[{"@type":"WebPage","@id":"https:\/\/www.aleph-networks.eu\/actualites\/","url":"https:\/\/www.aleph-networks.eu\/actualites\/","name":"Aleph - News","isPartOf":{"@id":"https:\/\/www.aleph-networks.eu\/#website"},"datePublished":"2023-08-29T14:19:36+00:00","dateModified":"2024-02-02T14:12:33+00:00","description":"Alephs's latest news and events","breadcrumb":{"@id":"https:\/\/www.aleph-networks.eu\/actualites\/#breadcrumb"},"inLanguage":"en-US","potentialAction":[{"@type":"ReadAction","target":["https:\/\/www.aleph-networks.eu\/actualites\/"]}]},{"@type":"BreadcrumbList","@id":"https:\/\/www.aleph-networks.eu\/actualites\/#breadcrumb","itemListElement":[{"@type":"ListItem","position":1,"name":"Home","item":"https:\/\/www.aleph-networks.eu\/en\/"},{"@type":"ListItem","position":2,"name":"News"}]},{"@type":"WebSite","@id":"https:\/\/www.aleph-networks.eu\/#website","url":"https:\/\/www.aleph-networks.eu\/","name":"Aleph","description":"","publisher":{"@id":"https:\/\/www.aleph-networks.eu\/#organization"},"potentialAction":[{"@type":"SearchAction","target":{"@type":"EntryPoint","urlTemplate":"https:\/\/www.aleph-networks.eu\/?s={search_term_string}"},"query-input":{"@type":"PropertyValueSpecification","valueRequired":true,"valueName":"search_term_string"}}],"inLanguage":"en-US"},{"@type":"Organization","@id":"https:\/\/www.aleph-networks.eu\/#organization","name":"Aleph","url":"https:\/\/www.aleph-networks.eu\/","logo":{"@type":"ImageObject","inLanguage":"en-US","@id":"https:\/\/www.aleph-networks.eu\/#\/schema\/logo\/image\/","url":"https:\/\/www.aleph-networks.eu\/wp-content\/uploads\/2020\/06\/logo-Aleph.png","contentUrl":"https:\/\/www.aleph-networks.eu\/wp-content\/uploads\/2020\/06\/logo-Aleph.png","width":55,"height":55,"caption":"Aleph"},"image":{"@id":"https:\/\/www.aleph-networks.eu\/#\/schema\/logo\/image\/"}}]}},"_links":{"self":[{"href":"https:\/\/www.aleph-networks.eu\/en\/wp-json\/wp\/v2\/pages\/9362","targetHints":{"allow":["GET"]}}],"collection":[{"href":"https:\/\/www.aleph-networks.eu\/en\/wp-json\/wp\/v2\/pages"}],"about":[{"href":"https:\/\/www.aleph-networks.eu\/en\/wp-json\/wp\/v2\/types\/page"}],"author":[{"embeddable":true,"href":"https:\/\/www.aleph-networks.eu\/en\/wp-json\/wp\/v2\/users\/1"}],"replies":[{"embeddable":true,"href":"https:\/\/www.aleph-networks.eu\/en\/wp-json\/wp\/v2\/comments?post=9362"}],"version-history":[{"count":0,"href":"https:\/\/www.aleph-networks.eu\/en\/wp-json\/wp\/v2\/pages\/9362\/revisions"}],"wp:attachment":[{"href":"https:\/\/www.aleph-networks.eu\/en\/wp-json\/wp\/v2\/media?parent=9362"}],"curies":[{"name":"wp","href":"https:\/\/api.w.org\/{rel}","templated":true}]}}